{"id":112,"date":"2024-11-26T22:51:03","date_gmt":"2024-11-26T21:51:03","guid":{"rendered":"https:\/\/faemanag.com\/?page_id=112"},"modified":"2024-11-26T22:51:03","modified_gmt":"2024-11-26T21:51:03","slug":"le-billard-francais-pour","status":"publish","type":"page","link":"https:\/\/faemanag.com\/index.php\/le-billard-francais-pour\/","title":{"rendered":"Le billard fran\u00e7ais pour:"},"content":{"rendered":"\n<blockquote class=\"wp-block-quote is-layout-flow wp-block-quote-is-layout-flow\">\n<p>Comprendre son environnement<\/p>\n\n\n\n<p>Apprendre \u00e0 se conna\u00eetre<\/p>\n\n\n\n<p>Faire face \u00e0 une infinit\u00e9 de situations<\/p>\n\n\n\n<p>Rep\u00e9rer un ensemble de solutions<\/p>\n\n\n\n<p>Op\u00e9rer un choix prendre une d\u00e9cision<\/p>\n\n\n\n<p>Veiller \u00e0 la bonne application de la d\u00e9cision<\/p>\n\n\n\n<p>G\u00e9rer son temps<\/p>\n\n\n\n<p>Assumer les cons\u00e9quences d\u2019un choix<\/p>\n\n\n\n<p>S&#8217;inscrire dans une d\u00e9marche strat\u00e9gique<\/p>\n<\/blockquote>\n","protected":false},"excerpt":{"rendered":"<p>Comprendre son environnement Apprendre \u00e0 se conna\u00eetre Faire face \u00e0 une infinit\u00e9 de situations Rep\u00e9rer un ensemble de solutions Op\u00e9rer un choix prendre une d\u00e9cision Veiller \u00e0 la bonne application de la d\u00e9cision G\u00e9rer son temps Assumer les cons\u00e9quences d\u2019un choix S&#8217;inscrire dans une d\u00e9marche strat\u00e9gique<\/p>\n","protected":false},"author":1,"featured_media":0,"parent":0,"menu_order":0,"comment_status":"closed","ping_status":"closed","template":"","meta":{"footnotes":""},"class_list":["post-112","page","type-page","status-publish","hentry"],"_links":{"self":[{"href":"https:\/\/faemanag.com\/index.php\/wp-json\/wp\/v2\/pages\/112","targetHints":{"allow":["GET"]}}],"collection":[{"href":"https:\/\/faemanag.com\/index.php\/wp-json\/wp\/v2\/pages"}],"about":[{"href":"https:\/\/faemanag.com\/index.php\/wp-json\/wp\/v2\/types\/page"}],"author":[{"embeddable":true,"href":"https:\/\/faemanag.com\/index.php\/wp-json\/wp\/v2\/users\/1"}],"replies":[{"embeddable":true,"href":"https:\/\/faemanag.com\/index.php\/wp-json\/wp\/v2\/comments?post=112"}],"version-history":[{"count":1,"href":"https:\/\/faemanag.com\/index.php\/wp-json\/wp\/v2\/pages\/112\/revisions"}],"predecessor-version":[{"id":113,"href":"https:\/\/faemanag.com\/index.php\/wp-json\/wp\/v2\/pages\/112\/revisions\/113"}],"wp:attachment":[{"href":"https:\/\/faemanag.com\/index.php\/wp-json\/wp\/v2\/media?parent=112"}],"curies":[{"name":"wp","href":"https:\/\/api.w.org\/{rel}","templated":true}]}}