{"id":115,"date":"2024-11-26T23:08:27","date_gmt":"2024-11-26T22:08:27","guid":{"rendered":"https:\/\/faemanag.com\/?page_id=115"},"modified":"2024-11-26T23:08:27","modified_gmt":"2024-11-26T22:08:27","slug":"devenir-manager","status":"publish","type":"page","link":"https:\/\/faemanag.com\/index.php\/devenir-manager\/","title":{"rendered":"Devenir manager"},"content":{"rendered":"\n<blockquote class=\"wp-block-quote is-layout-flow wp-block-quote-is-layout-flow\">\n<p>Aiguiser son sens de l&#8217;observation<\/p>\n\n\n\n<p>Aiguiser son sens de l&#8217;\u00e9coute<\/p>\n\n\n\n<p>Savoir s&#8217;entourer<\/p>\n\n\n\n<p>D\u00e9velopper une posture strat\u00e9gique<\/p>\n<\/blockquote>\n","protected":false},"excerpt":{"rendered":"<p>Aiguiser son sens de l&#8217;observation Aiguiser son sens de l&#8217;\u00e9coute Savoir s&#8217;entourer D\u00e9velopper une posture strat\u00e9gique<\/p>\n","protected":false},"author":1,"featured_media":0,"parent":0,"menu_order":0,"comment_status":"closed","ping_status":"closed","template":"","meta":{"footnotes":""},"class_list":["post-115","page","type-page","status-publish","hentry"],"_links":{"self":[{"href":"https:\/\/faemanag.com\/index.php\/wp-json\/wp\/v2\/pages\/115","targetHints":{"allow":["GET"]}}],"collection":[{"href":"https:\/\/faemanag.com\/index.php\/wp-json\/wp\/v2\/pages"}],"about":[{"href":"https:\/\/faemanag.com\/index.php\/wp-json\/wp\/v2\/types\/page"}],"author":[{"embeddable":true,"href":"https:\/\/faemanag.com\/index.php\/wp-json\/wp\/v2\/users\/1"}],"replies":[{"embeddable":true,"href":"https:\/\/faemanag.com\/index.php\/wp-json\/wp\/v2\/comments?post=115"}],"version-history":[{"count":1,"href":"https:\/\/faemanag.com\/index.php\/wp-json\/wp\/v2\/pages\/115\/revisions"}],"predecessor-version":[{"id":116,"href":"https:\/\/faemanag.com\/index.php\/wp-json\/wp\/v2\/pages\/115\/revisions\/116"}],"wp:attachment":[{"href":"https:\/\/faemanag.com\/index.php\/wp-json\/wp\/v2\/media?parent=115"}],"curies":[{"name":"wp","href":"https:\/\/api.w.org\/{rel}","templated":true}]}}